{"id":349,"date":"2024-06-24T10:32:59","date_gmt":"2024-06-24T13:32:59","guid":{"rendered":"https:\/\/contabilidadedalbosco.com.br\/?page_id=349"},"modified":"2024-06-24T13:45:35","modified_gmt":"2024-06-24T16:45:35","slug":"blog","status":"publish","type":"page","link":"https:\/\/contabilidadedalbosco.com.br\/?page_id=349","title":{"rendered":"Blog"},"content":{"rendered":"\t\t<div data-elementor-type=\"wp-page\" data-elementor-id=\"349\" class=\"elementor elementor-349\" data-elementor-post-type=\"page\">\n\t\t\t\t<div class=\"elementor-element elementor-element-1b16ad93 e-con-full e-flex e-con e-parent\" data-id=\"1b16ad93\" data-element_type=\"container\" data-settings=\"{&quot;background_slideshow_gallery&quot;:[{&quot;id&quot;:299,&quot;url&quot;:&quot;https:\\\/\\\/contabilidadedalbosco.com.br\\\/wp-content\\\/uploads\\\/2024\\\/04\\\/Frame-12588593.png&quot;}],&quot;background_background&quot;:&quot;slideshow&quot;,&quot;background_slideshow_loop&quot;:&quot;yes&quot;,&quot;background_slideshow_slide_duration&quot;:5000,&quot;background_slideshow_slide_transition&quot;:&quot;fade&quot;,&quot;background_slideshow_transition_duration&quot;:500}\">\n\t\t<div class=\"elementor-element elementor-element-319a3e61 e-flex e-con-boxed e-con e-child\" data-id=\"319a3e61\" data-element_type=\"container\" data-settings=\"{&quot;background_background&quot;:&quot;classic&quot;}\">\n\t\t\t\t\t<div class=\"e-con-inner\">\n\t\t\t\t<div class=\"elementor-element elementor-element-80592c9 elementor-widget elementor-widget-heading\" data-id=\"80592c9\" data-element_type=\"widget\" data-widget_type=\"heading.default\">\n\t\t\t\t<div class=\"elementor-widget-container\">\n\t\t\t<style>\/*! elementor - v3.22.0 - 24-06-2024 *\/\n.elementor-heading-title{padding:0;margin:0;line-height:1}.elementor-widget-heading .elementor-heading-title[class*=elementor-size-]>a{color:inherit;font-size:inherit;line-height:inherit}.elementor-widget-heading .elementor-heading-title.elementor-size-small{font-size:15px}.elementor-widget-heading .elementor-heading-title.elementor-size-medium{font-size:19px}.elementor-widget-heading .elementor-heading-title.elementor-size-large{font-size:29px}.elementor-widget-heading .elementor-heading-title.elementor-size-xl{font-size:39px}.elementor-widget-heading .elementor-heading-title.elementor-size-xxl{font-size:59px}<\/style><h1 class=\"elementor-heading-title elementor-size-default\">Blog<\/h1>\t\t<\/div>\n\t\t\t\t<\/div>\n\t\t\t\t<div class=\"elementor-element elementor-element-2d871cfb elementor-widget__width-inherit elementor-widget elementor-widget-text-editor\" data-id=\"2d871cfb\" data-element_type=\"widget\" data-widget_type=\"text-editor.default\">\n\t\t\t\t<div class=\"elementor-widget-container\">\n\t\t\t<style>\/*! elementor - v3.22.0 - 24-06-2024 *\/\n.elementor-widget-text-editor.elementor-drop-cap-view-stacked .elementor-drop-cap{background-color:#69727d;color:#fff}.elementor-widget-text-editor.elementor-drop-cap-view-framed .elementor-drop-cap{color:#69727d;border:3px solid;background-color:transparent}.elementor-widget-text-editor:not(.elementor-drop-cap-view-default) .elementor-drop-cap{margin-top:8px}.elementor-widget-text-editor:not(.elementor-drop-cap-view-default) .elementor-drop-cap-letter{width:1em;height:1em}.elementor-widget-text-editor .elementor-drop-cap{float:left;text-align:center;line-height:1;font-size:50px}.elementor-widget-text-editor .elementor-drop-cap-letter{display:inline-block}<\/style>\t\t\t\tSe mantenha atualizado com os artigos e informa\u00e7\u00f5es sobre contabilidade.\t\t\t\t\t\t<\/div>\n\t\t\t\t<\/div>\n\t\t\t\t\t<\/div>\n\t\t\t\t<\/div>\n\t\t\t\t<\/div>\n\t\t<div class=\"elementor-element elementor-element-3c24ff52 e-flex e-con-boxed e-con e-parent\" data-id=\"3c24ff52\" data-element_type=\"container\">\n\t\t\t\t\t<div class=\"e-con-inner\">\n\t\t\t\t<div class=\"elementor-element elementor-element-385bac37 elementor-posts__hover-none elementor-grid-3 elementor-grid-tablet-2 elementor-grid-mobile-1 elementor-posts--thumbnail-top elementor-widget elementor-widget-posts\" data-id=\"385bac37\" data-element_type=\"widget\" data-settings=\"{&quot;cards_row_gap&quot;:{&quot;unit&quot;:&quot;px&quot;,&quot;size&quot;:80,&quot;sizes&quot;:[]},&quot;cards_row_gap_tablet&quot;:{&quot;unit&quot;:&quot;px&quot;,&quot;size&quot;:71,&quot;sizes&quot;:[]},&quot;cards_row_gap_mobile&quot;:{&quot;unit&quot;:&quot;px&quot;,&quot;size&quot;:30,&quot;sizes&quot;:[]},&quot;cards_columns&quot;:&quot;3&quot;,&quot;cards_columns_tablet&quot;:&quot;2&quot;,&quot;cards_columns_mobile&quot;:&quot;1&quot;}\" data-widget_type=\"posts.cards\">\n\t\t\t\t<div class=\"elementor-widget-container\">\n\t\t\t<link rel=\"stylesheet\" href=\"https:\/\/contabilidadedalbosco.com.br\/wp-content\/plugins\/elementor-pro\/assets\/css\/widget-posts.min.css\">\t\t<div class=\"elementor-posts-container elementor-posts elementor-posts--skin-cards elementor-grid\">\n\t\t\t\t<article class=\"elementor-post elementor-grid-item post-427 post type-post status-publish format-standard hentry category-blog\">\n\t\t\t<div class=\"elementor-post__card\">\n\t\t\t\t<div class=\"elementor-post__text\">\n\t\t\t\t<h4 class=\"elementor-post__title\">\n\t\t\t<a href=\"https:\/\/contabilidadedalbosco.com.br\/?p=427\" >\n\t\t\t\tComo abrir uma nova empresa do zero?\t\t\t<\/a>\n\t\t<\/h4>\n\t\t\t\t<div class=\"elementor-post__excerpt\">\n\t\t\t<p>Voc\u00ea est\u00e1 pensando em abrir a sua primeira empresa? Nesse link https:\/\/www.youtube.com\/watch?v=BRNMUigy_7c&amp;lc=UgxT8wBxoS7m27JR50V4AaABAg eu te explico de uma forma clara, como<\/p>\n\t\t<\/div>\n\t\t\n\t\t<a class=\"elementor-post__read-more\" href=\"https:\/\/contabilidadedalbosco.com.br\/?p=427\" aria-label=\"Leia mais sobre Como abrir uma nova empresa do zero?\" tabindex=\"-1\" >\n\t\t\tLeia mais\t\t<\/a>\n\n\t\t\t\t<\/div>\n\t\t\t\t\t<\/div>\n\t\t<\/article>\n\t\t\t\t<article class=\"elementor-post elementor-grid-item post-413 post type-post status-publish format-standard hentry category-blog\">\n\t\t\t<div class=\"elementor-post__card\">\n\t\t\t\t<div class=\"elementor-post__text\">\n\t\t\t\t<h4 class=\"elementor-post__title\">\n\t\t\t<a href=\"https:\/\/contabilidadedalbosco.com.br\/?p=413\" >\n\t\t\t\tSeja bem vindo(a)\t\t\t<\/a>\n\t\t<\/h4>\n\t\t\t\t<div class=\"elementor-post__excerpt\">\n\t\t\t<p>Bem-vindo ao Blog da Dal Bosco Contabilidade Ol\u00e1 e seja bem-vindo ao blog da Dal Bosco Contabilidade! Quem vos escreve<\/p>\n\t\t<\/div>\n\t\t\n\t\t<a class=\"elementor-post__read-more\" href=\"https:\/\/contabilidadedalbosco.com.br\/?p=413\" aria-label=\"Leia mais sobre Seja bem vindo(a)\" tabindex=\"-1\" >\n\t\t\tLeia mais\t\t<\/a>\n\n\t\t\t\t<\/div>\n\t\t\t\t\t<\/div>\n\t\t<\/article>\n\t\t\t\t<article class=\"elementor-post elementor-grid-item post-387 post type-post status-publish format-standard has-post-thumbnail hentry category-blog\">\n\t\t\t<div class=\"elementor-post__card\">\n\t\t\t\t<a class=\"elementor-post__thumbnail__link\" href=\"https:\/\/contabilidadedalbosco.com.br\/?p=387\" tabindex=\"-1\" ><div class=\"elementor-post__thumbnail\"><img fetchpriority=\"high\" decoding=\"async\" width=\"5460\" height=\"3548\" src=\"https:\/\/contabilidadedalbosco.com.br\/wp-content\/uploads\/2024\/06\/imagem_2024-06-24_120659023.png\" class=\"attachment-full size-full wp-image-388\" alt=\"\" srcset=\"https:\/\/contabilidadedalbosco.com.br\/wp-content\/uploads\/2024\/06\/imagem_2024-06-24_120659023.png 5460w, https:\/\/contabilidadedalbosco.com.br\/wp-content\/uploads\/2024\/06\/imagem_2024-06-24_120659023-300x195.png 300w, https:\/\/contabilidadedalbosco.com.br\/wp-content\/uploads\/2024\/06\/imagem_2024-06-24_120659023-1024x665.png 1024w, https:\/\/contabilidadedalbosco.com.br\/wp-content\/uploads\/2024\/06\/imagem_2024-06-24_120659023-768x499.png 768w, https:\/\/contabilidadedalbosco.com.br\/wp-content\/uploads\/2024\/06\/imagem_2024-06-24_120659023-1536x998.png 1536w, https:\/\/contabilidadedalbosco.com.br\/wp-content\/uploads\/2024\/06\/imagem_2024-06-24_120659023-2048x1331.png 2048w\" sizes=\"(max-width: 5460px) 100vw, 5460px\" \/><\/div><\/a>\n\t\t\t\t<div class=\"elementor-post__text\">\n\t\t\t\t<h4 class=\"elementor-post__title\">\n\t\t\t<a href=\"https:\/\/contabilidadedalbosco.com.br\/?p=387\" >\n\t\t\t\tOs Benef\u00edcios da Contabilidade Digital para Pequenas Empresas\t\t\t<\/a>\n\t\t<\/h4>\n\t\t\t\t<div class=\"elementor-post__excerpt\">\n\t\t\t<p>No mundo moderno, a digitaliza\u00e7\u00e3o tem transformado diversos setores, e a contabilidade n\u00e3o \u00e9 exce\u00e7\u00e3o. A contabilidade digital est\u00e1 se<\/p>\n\t\t<\/div>\n\t\t\n\t\t<a class=\"elementor-post__read-more\" href=\"https:\/\/contabilidadedalbosco.com.br\/?p=387\" aria-label=\"Leia mais sobre Os Benef\u00edcios da Contabilidade Digital para Pequenas Empresas\" tabindex=\"-1\" >\n\t\t\tLeia mais\t\t<\/a>\n\n\t\t\t\t<\/div>\n\t\t\t\t\t<\/div>\n\t\t<\/article>\n\t\t\t\t<article class=\"elementor-post elementor-grid-item post-1 post type-post status-publish format-standard has-post-thumbnail hentry category-blog\">\n\t\t\t<div class=\"elementor-post__card\">\n\t\t\t\t<a class=\"elementor-post__thumbnail__link\" href=\"https:\/\/contabilidadedalbosco.com.br\/?p=1\" tabindex=\"-1\" ><div class=\"elementor-post__thumbnail\"><img decoding=\"async\" width=\"2560\" height=\"1707\" src=\"https:\/\/contabilidadedalbosco.com.br\/wp-content\/uploads\/2024\/03\/closeup-economist-using-calculator-while-going-through-bills-taxes-office-scaled.jpg\" class=\"attachment-full size-full wp-image-377\" alt=\"\" srcset=\"https:\/\/contabilidadedalbosco.com.br\/wp-content\/uploads\/2024\/03\/closeup-economist-using-calculator-while-going-through-bills-taxes-office-scaled.jpg 2560w, https:\/\/contabilidadedalbosco.com.br\/wp-content\/uploads\/2024\/03\/closeup-economist-using-calculator-while-going-through-bills-taxes-office-300x200.jpg 300w, https:\/\/contabilidadedalbosco.com.br\/wp-content\/uploads\/2024\/03\/closeup-economist-using-calculator-while-going-through-bills-taxes-office-1024x683.jpg 1024w, https:\/\/contabilidadedalbosco.com.br\/wp-content\/uploads\/2024\/03\/closeup-economist-using-calculator-while-going-through-bills-taxes-office-768x512.jpg 768w, https:\/\/contabilidadedalbosco.com.br\/wp-content\/uploads\/2024\/03\/closeup-economist-using-calculator-while-going-through-bills-taxes-office-1536x1024.jpg 1536w, https:\/\/contabilidadedalbosco.com.br\/wp-content\/uploads\/2024\/03\/closeup-economist-using-calculator-while-going-through-bills-taxes-office-2048x1365.jpg 2048w\" sizes=\"(max-width: 2560px) 100vw, 2560px\" \/><\/div><\/a>\n\t\t\t\t<div class=\"elementor-post__text\">\n\t\t\t\t<h4 class=\"elementor-post__title\">\n\t\t\t<a href=\"https:\/\/contabilidadedalbosco.com.br\/?p=1\" >\n\t\t\t\tComo a Contabilidade Pode Transformar Seu Neg\u00f3cio\t\t\t<\/a>\n\t\t<\/h4>\n\t\t\t\t<div class=\"elementor-post__excerpt\">\n\t\t\t<p>A contabilidade \u00e9 frequentemente vista como uma tarefa administrativa necess\u00e1ria, mas enfadonha. No entanto, essa vis\u00e3o pode ser bastante limitada.<\/p>\n\t\t<\/div>\n\t\t\n\t\t<a class=\"elementor-post__read-more\" href=\"https:\/\/contabilidadedalbosco.com.br\/?p=1\" aria-label=\"Leia mais sobre Como a Contabilidade Pode Transformar Seu Neg\u00f3cio\" tabindex=\"-1\" >\n\t\t\tLeia mais\t\t<\/a>\n\n\t\t\t\t<\/div>\n\t\t\t\t\t<\/div>\n\t\t<\/article>\n\t\t\t\t<\/div>\n\t\t\n\t\t\t\t<\/div>\n\t\t\t\t<\/div>\n\t\t\t\t\t<\/div>\n\t\t\t\t<\/div>\n\t\t<footer class=\"elementor-element elementor-element-2b61817c e-flex e-con-boxed e-con e-parent\" data-id=\"2b61817c\" data-element_type=\"container\">\n\t\t\t\t\t<div class=\"e-con-inner\">\n\t\t\t\t<div class=\"elementor-element elementor-element-6ff13be7 elementor-widget elementor-widget-heading\" data-id=\"6ff13be7\" data-element_type=\"widget\" data-widget_type=\"heading.default\">\n\t\t\t\t<div class=\"elementor-widget-container\">\n\t\t\t<h2 class=\"elementor-heading-title elementor-size-default\">Instagram<\/h2>\t\t<\/div>\n\t\t\t\t<\/div>\n\t\t\t\t<div class=\"elementor-element elementor-element-626b9d12 elementor-widget__width-initial elementor-widget-tablet__width-inherit elementor-widget elementor-widget-text-editor\" data-id=\"626b9d12\" data-element_type=\"widget\" data-widget_type=\"text-editor.default\">\n\t\t\t\t<div class=\"elementor-widget-container\">\n\t\t\t\t\t\t\t<p>Acompanhe nossos \u00faltimos posts para aprender ainda mais<\/p>\t\t\t\t\t\t<\/div>\n\t\t\t\t<\/div>\n\t\t\t\t<div class=\"elementor-element elementor-element-7246e1b3 elementor-widget__width-inherit elementor-skin-carousel elementor-widget elementor-widget-media-carousel\" data-id=\"7246e1b3\" data-element_type=\"widget\" data-settings=\"{&quot;slides_per_view&quot;:&quot;5&quot;,&quot;slides_to_scroll&quot;:&quot;1&quot;,&quot;space_between&quot;:{&quot;unit&quot;:&quot;px&quot;,&quot;size&quot;:18,&quot;sizes&quot;:[]},&quot;slides_per_view_tablet&quot;:&quot;4&quot;,&quot;slides_per_view_mobile&quot;:&quot;2&quot;,&quot;skin&quot;:&quot;carousel&quot;,&quot;effect&quot;:&quot;slide&quot;,&quot;speed&quot;:500,&quot;autoplay&quot;:&quot;yes&quot;,&quot;autoplay_speed&quot;:5000,&quot;loop&quot;:&quot;yes&quot;,&quot;pause_on_hover&quot;:&quot;yes&quot;,&quot;pause_on_interaction&quot;:&quot;yes&quot;,&quot;space_between_tablet&quot;:{&quot;unit&quot;:&quot;px&quot;,&quot;size&quot;:10,&quot;sizes&quot;:[]},&quot;space_between_mobile&quot;:{&quot;unit&quot;:&quot;px&quot;,&quot;size&quot;:10,&quot;sizes&quot;:[]}}\" data-widget_type=\"media-carousel.default\">\n\t\t\t\t<div class=\"elementor-widget-container\">\n\t\t\t<link rel=\"stylesheet\" href=\"https:\/\/contabilidadedalbosco.com.br\/wp-content\/plugins\/elementor-pro\/assets\/css\/widget-carousel.min.css\">\t\t<div class=\"elementor-swiper\">\n\t\t\t<div class=\"elementor-main-swiper swiper\">\n\t\t\t\t<div class=\"swiper-wrapper\">\n\t\t\t\t\t\t\t\t\t\t\t<div class=\"swiper-slide\">\n\t\t\t\t\t\t\t<a href=\"https:\/\/www.instagram.com\/p\/C8b5nrqgbS9\/?utm_source=ig_web_copy_link&#038;igsh=MzRlODBiNWFlZA==\">\t\t<div class=\"elementor-carousel-image\" role=\"img\" aria-label=\"Snapinsta.app_448811405_1502351227045327_8084372341783924391_n_1024\" style=\"background-image: url(&#039;https:\/\/contabilidadedalbosco.com.br\/wp-content\/uploads\/2024\/06\/Snapinsta.app_448811405_1502351227045327_8084372341783924391_n_1024.jpg&#039;)\">\n\n\t\t\t\n\t\t\t\t\t<\/div>\n\t\t<\/a>\t\t\t\t\t\t<\/div>\n\t\t\t\t\t\t\t\t\t\t\t<div class=\"swiper-slide\">\n\t\t\t\t\t\t\t<a href=\"https:\/\/www.instagram.com\/p\/C71QEN9gcA_\/?utm_source=ig_web_copy_link\">\t\t<div class=\"elementor-carousel-image\" role=\"img\" aria-label=\"Snapinsta.app_447830118_985323249669640_3471278250599857429_n_1080\" style=\"background-image: url(&#039;https:\/\/contabilidadedalbosco.com.br\/wp-content\/uploads\/2024\/06\/Snapinsta.app_447830118_985323249669640_3471278250599857429_n_1080.jpg&#039;)\">\n\n\t\t\t\n\t\t\t\t\t<\/div>\n\t\t<\/a>\t\t\t\t\t\t<\/div>\n\t\t\t\t\t\t\t\t\t\t\t<div class=\"swiper-slide\">\n\t\t\t\t\t\t\t<a href=\"https:\/\/www.instagram.com\/p\/C8KLE5ygFvM\/?utm_source=ig_web_copy_link&#038;igsh=MzRlODBiNWFlZA==\">\t\t<div class=\"elementor-carousel-image\" role=\"img\" aria-label=\"Snapinsta.app_448343589_879533770875569_108772576308815458_n_1024\" style=\"background-image: url(&#039;https:\/\/contabilidadedalbosco.com.br\/wp-content\/uploads\/2024\/06\/Snapinsta.app_448343589_879533770875569_108772576308815458_n_1024.jpg&#039;)\">\n\n\t\t\t\n\t\t\t\t\t<\/div>\n\t\t<\/a>\t\t\t\t\t\t<\/div>\n\t\t\t\t\t\t\t\t\t<\/div>\n\t\t\t\t\t\t\t\t\t\t\t\t\t\t\t\t\t\t\t\t\t<\/div>\n\t\t<\/div>\n\t\t\t\t<\/div>\n\t\t\t\t<\/div>\n\t\t\t\t\t<\/div>\n\t\t\t\t<\/footer>\n\t\t\t\t<\/div>\n\t\t","protected":false},"excerpt":{"rendered":"<p>Blog Instagram Acompanhe nossos \u00faltimos posts para aprender ainda mais<\/p>\n","protected":false},"author":1,"featured_media":0,"parent":0,"menu_order":0,"comment_status":"closed","ping_status":"closed","template":"","meta":{"om_disable_all_campaigns":false,"_monsterinsights_skip_tracking":false,"_monsterinsights_sitenote_active":false,"_monsterinsights_sitenote_note":"","_monsterinsights_sitenote_category":0,"footnotes":""},"aioseo_notices":[],"_links":{"self":[{"href":"https:\/\/contabilidadedalbosco.com.br\/index.php?rest_route=\/wp\/v2\/pages\/349"}],"collection":[{"href":"https:\/\/contabilidadedalbosco.com.br\/index.php?rest_route=\/wp\/v2\/pages"}],"about":[{"href":"https:\/\/contabilidadedalbosco.com.br\/index.php?rest_route=\/wp\/v2\/types\/page"}],"author":[{"embeddable":true,"href":"https:\/\/contabilidadedalbosco.com.br\/index.php?rest_route=\/wp\/v2\/users\/1"}],"replies":[{"embeddable":true,"href":"https:\/\/contabilidadedalbosco.com.br\/index.php?rest_route=%2Fwp%2Fv2%2Fcomments&post=349"}],"version-history":[{"count":25,"href":"https:\/\/contabilidadedalbosco.com.br\/index.php?rest_route=\/wp\/v2\/pages\/349\/revisions"}],"predecessor-version":[{"id":392,"href":"https:\/\/contabilidadedalbosco.com.br\/index.php?rest_route=\/wp\/v2\/pages\/349\/revisions\/392"}],"wp:attachment":[{"href":"https:\/\/contabilidadedalbosco.com.br\/index.php?rest_route=%2Fwp%2Fv2%2Fmedia&parent=349"}],"curies":[{"name":"wp","href":"https:\/\/api.w.org\/{rel}","templated":true}]}}